{"id":6930,"date":"2023-09-18T15:50:48","date_gmt":"2023-09-18T13:50:48","guid":{"rendered":"https:\/\/www.hotelisard.com\/?page_id=6930"},"modified":"2023-09-18T15:50:50","modified_gmt":"2023-09-18T13:50:50","slug":"politica-de-redes-sociales","status":"publish","type":"page","link":"https:\/\/www.hotelisard.com\/ca\/politica-de-redes-sociales\/","title":{"rendered":"Pol\u00edtica de redes sociales"},"content":{"rendered":"\n<p>En cumplimiento de la Ley 29\/2021, de 28 de octubre, calificada de protecci\u00f3n de datos personales y la Ley 34\/2002, de 11 de julio, de Servicios de la Sociedad de la Informaci\u00f3n y de Comercio Electr\u00f3nico (LSSI-CE), HOTEL DE L\u2019ISARD, S.L., en adelante (HOTEL DE L\u2019ISARD), informa a los usuarios, que ha procedido a crear un perfil en las redes sociales con el fin principal de anunciar sus productos y servicios.<\/p>\n\n\n\n<h2 class=\"wp-block-heading\"><strong>Datos de HOTEL DE L\u2019ISARD SL:<\/strong><\/h2>\n\n\n\n<p><em>L-705558-F<\/em><\/p>\n\n\n\n<p><em>C\/ Avda. Meritxell, n.\u00ba 34, AD500 Andorra la Vella<\/em><\/p>\n\n\n\n<p><em>Tel\u00e9fono: +376 87 68 00<\/em><\/p>\n\n\n\n<p><a href=\"mailto:p.privacidad@hotelisard.com\"><em>p.privacidad@hotelisard.com<\/em><\/a><em><\/em><\/p>\n\n\n\n<p><a href=\"http:\/\/www.hotelisard.com\"><em>www.hotelisard.com<\/em><\/a><em><\/em><\/p>\n\n\n\n<p>El usuario dispone de un perfil en la misma red social y ha decidido unirse a la p\u00e1gina creada por el HOTEL DE L\u2019ISARD, mostrando as\u00ed inter\u00e9s en la informaci\u00f3n que se anuncie en la red. Al unirse a nuestra p\u00e1gina, nos facilita su consentimiento para el tratamiento de aquellos datos personales publicados en su perfil.<\/p>\n\n\n\n<p>El usuario puede acceder en todo momento a las pol\u00edticas de privacidad de la propia red social, as\u00ed como configurar su perfil para garantizar su privacidad.<\/p>\n\n\n\n<p>HOTEL DE L\u2019ISARD tiene acceso y trata aquella informaci\u00f3n p\u00fablica del usuario, en especial, su nombre de contacto. Estos datos s\u00f3lo son utilizados dentro de la propia red social y en ning\u00fan caso son incorporados a ning\u00fan fichero, sin solicitar previamente el consentimiento expreso del interesado.<\/p>\n\n\n\n<p>En relaci\u00f3n a los derechos de acceso, rectificaci\u00f3n, cancelaci\u00f3n y oposici\u00f3n, de los que usted dispone y que pueden ser ejercidos ante HOTEL DE L\u2019ISARD, de acuerdo con la ley 29\/2021, de 28 de octubre, debe tener en cuenta que, dada la propia funcionalidad de las redes sociales, normalmente deber\u00e1 ejercer sus derechos frente a la propia red social.<\/p>\n\n\n\n<p>HOTEL DE L\u2019ISARD realizar\u00e1 las siguientes actuaciones:<\/p>\n\n\n\n<ul class=\"wp-block-list\">\n<li>Acceso a la informaci\u00f3n p\u00fablica del perfil.<\/li>\n\n\n\n<li>Publicaci\u00f3n en el perfil del usuario de toda aquella informaci\u00f3n ya publicada en la p\u00e1gina de HOTEL DE L\u2019ISARD.<\/li>\n\n\n\n<li>Enviar mensajes personales e individuales a trav\u00e9s de los canales de la red social.<\/li>\n\n\n\n<li>Actualizaciones del estado de la p\u00e1gina que se publicar\u00e1n en el perfil del usuario.<\/li>\n<\/ul>\n\n\n\n<p>El usuario siempre puede controlar sus conexiones, eliminar los contenidos que dejen de interesarle y restringir con quien comparte sus conexiones, para ello deber\u00e1 acceder a su configuraci\u00f3n de privacidad.<\/p>\n\n\n\n<h2 class=\"wp-block-heading\"><strong>Datos de menores<\/strong><\/h2>\n\n\n\n<p>El acceso y registro a esta red social est\u00e1 prohibido para menores de 14 a\u00f1os. El acceso al sitio oficial de HOTEL DE L\u2019ISARD tambi\u00e9n est\u00e1 prohibido para menores de 14 a\u00f1os. Por su parte, si el usuario no cumple este requisito, HOTEL DE L\u2019ISARD les informa de la necesidad de tener la autorizaci\u00f3n de sus padres, tutores o responsables legales para acceder y utilizar el sitio oficial de HOTEL DE L\u2019ISARD.<\/p>\n\n\n\n<p>HOTEL DE L\u2019ISARD queda eximido de cualquier responsabilidad derivada del uso de su sitio oficial por menores o usuarios que no cumplan los requisitos previamente mencionados, siendo en cualquier caso, sus representantes legales los \u00fanicos responsables.<\/p>\n\n\n\n<h2 class=\"wp-block-heading\"><strong>Publicaciones<\/strong><\/h2>\n\n\n\n<p>El usuario, una vez se una a la p\u00e1gina de HOTEL DE L\u2019ISARD, podr\u00e1 publicar en esta \u00faltima comentarios, enlaces, im\u00e1genes o fotograf\u00edas o cualquier otro tipo de contenido multimedia soportado por la red social. El usuario, en todos los casos, debe ser el titular de los mismos, gozar de los derechos de autor y de propiedad intelectual o contar con el consentimiento de los terceros afectados. Se proh\u00edbe expresamente cualquier publicaci\u00f3n en la p\u00e1gina, ya sean textos, gr\u00e1ficos, fotograf\u00edas, v\u00eddeos, etc. que atenten o sean susceptibles de atentar contra la moral, la \u00e9tica, el buen gusto o el honor, y\/o que infrinjan, violen o rompan los derechos de propiedad intelectual o industrial, el derecho a la imagen o la ley. En estos supuestos, HOTEL DE L\u2019ISARD se reserva el derecho a retirar de inmediato el contenido,<\/p>\n\n\n\n<p>HOTEL DE L\u2019ISARD no se hace responsable de los contenidos que libremente haya publicado un usuario.<\/p>\n\n\n\n<p>El usuario debe tener presente que sus publicaciones ser\u00e1n conocidas por otros usuarios, por lo que \u00e9l mismo es el principal responsable de su privacidad.<\/p>\n\n\n\n<p>Las im\u00e1genes que puedan publicarse en la p\u00e1gina no ser\u00e1n almacenadas en ning\u00fan otro archivo por parte de HOTEL DE L\u2019ISARD, pero s\u00ed permanecer\u00e1n en la red social.<\/p>\n\n\n\n<h2 class=\"wp-block-heading\"><strong>Concursos y promociones<\/strong><\/h2>\n\n\n\n<p>HOTEL DE L\u2019ISARD se reserva el derecho a realizar concursos y promociones, en los que podr\u00e1 participar el usuario adherido a su p\u00e1gina. Las bases de cada uno de ellos, cuando se utilicen con tal motivo la plataforma de la red social, ser\u00e1n publicadas en la misma. Cumpliendo siempre con la LSSI-CE y cualquier otra norma que sea de aplicaci\u00f3n.<\/p>\n\n\n\n<p>La red social no patrocina, avala, ni administra y\/o est\u00e1 asociada de ninguna forma, a ninguna de nuestras promociones.<\/p>\n\n\n\n<h2 class=\"wp-block-heading\" id=\"h-publicidad\"><strong>Publicidad<\/strong><\/h2>\n\n\n\n<p>HOTEL DE L\u2019ISARD utilizar\u00e1 la red social para anunciar sus productos y servicios, en cualquier caso, si decide tratar sus datos de contacto para realizar acciones directas de prospecci\u00f3n comercial, ser\u00e1 siempre, cumpliendo con las exigencias legales del RGPD, de la LCPDP y de la LSSI-CE.<strong><\/strong><\/p>\n\n\n\n<p>No se considerar\u00e1 publicidad el hecho de recomendar a otros usuarios la p\u00e1gina de HOTEL DE L\u2019ISARD porque tambi\u00e9n ellos puedan disfrutar de las promociones ofrecidas o estar informados de su actividad.<\/p>\n\n\n\n<p>A continuaci\u00f3n, detallamos el enlace a la pol\u00edtica de privacidad de la red social:<\/p>\n\n\n\n<p>Facebook:&nbsp;&nbsp;&nbsp;&nbsp;&nbsp;&nbsp;&nbsp;&nbsp; <a href=\"https:\/\/www.facebook.com\/HotelRestaurantIsardAndorra\/\">https:\/\/www.facebook.com\/HotelRestaurantIsardAndorra\/<\/a><\/p>\n\n\n\n<p>Instagram:&nbsp;&nbsp;&nbsp;&nbsp;&nbsp;&nbsp;&nbsp; <a href=\"https:\/\/www.instagram.com\/isardandorra\/\">https:\/\/www.instagram.com\/isardandorra\/<\/a><\/p>\n\n\n\n<p>LinkedIn:&nbsp;&nbsp;&nbsp;&nbsp;&nbsp;&nbsp;&nbsp;&nbsp;&nbsp; <a href=\"https:\/\/ad.linkedin.com\/company\/hotelisard\">https:\/\/ad.linkedin.com\/company\/hotelisard<\/a><\/p>\n","protected":false},"excerpt":{"rendered":"<p>En cumplimiento de la Ley 29\/2021, de 28 de octubre, calificada de protecci\u00f3n de datos personales y la Ley 34\/2002, de 11 de julio, de Servicios de la Sociedad de la Informaci\u00f3n y de Comercio Electr\u00f3nico (LSSI-CE), HOTEL DE L\u2019ISARD, S.L., en adelante (HOTEL DE L\u2019ISARD), informa a los usuarios, que ha procedido a crear [&hellip;]<\/p>\n","protected":false},"author":4,"featured_media":0,"parent":0,"menu_order":0,"comment_status":"closed","ping_status":"closed","template":"","meta":{"ocean_post_layout":"","ocean_both_sidebars_style":"","ocean_both_sidebars_content_width":0,"ocean_both_sidebars_sidebars_width":0,"ocean_sidebar":"0","ocean_second_sidebar":"0","ocean_disable_margins":"enable","ocean_add_body_class":"","ocean_shortcode_before_top_bar":"","ocean_shortcode_after_top_bar":"","ocean_shortcode_before_header":"","ocean_shortcode_after_header":"","ocean_has_shortcode":"","ocean_shortcode_after_title":"","ocean_shortcode_before_footer_widgets":"","ocean_shortcode_after_footer_widgets":"","ocean_shortcode_before_footer_bottom":"","ocean_shortcode_after_footer_bottom":"","ocean_display_top_bar":"default","ocean_display_header":"default","ocean_header_style":"","ocean_center_header_left_menu":"0","ocean_custom_header_template":"0","ocean_custom_logo":0,"ocean_custom_retina_logo":0,"ocean_custom_logo_max_width":0,"ocean_custom_logo_tablet_max_width":0,"ocean_custom_logo_mobile_max_width":0,"ocean_custom_logo_max_height":0,"ocean_custom_logo_tablet_max_height":0,"ocean_custom_logo_mobile_max_height":0,"ocean_header_custom_menu":"0","ocean_menu_typo_font_family":"0","ocean_menu_typo_font_subset":"","ocean_menu_typo_font_size":0,"ocean_menu_typo_font_size_tablet":0,"ocean_menu_typo_font_size_mobile":0,"ocean_menu_typo_font_size_unit":"px","ocean_menu_typo_font_weight":"","ocean_menu_typo_font_weight_tablet":"","ocean_menu_typo_font_weight_mobile":"","ocean_menu_typo_transform":"","ocean_menu_typo_transform_tablet":"","ocean_menu_typo_transform_mobile":"","ocean_menu_typo_line_height":0,"ocean_menu_typo_line_height_tablet":0,"ocean_menu_typo_line_height_mobile":0,"ocean_menu_typo_line_height_unit":"","ocean_menu_typo_spacing":0,"ocean_menu_typo_spacing_tablet":0,"ocean_menu_typo_spacing_mobile":0,"ocean_menu_typo_spacing_unit":"","ocean_menu_link_color":"","ocean_menu_link_color_hover":"","ocean_menu_link_color_active":"","ocean_menu_link_background":"","ocean_menu_link_hover_background":"","ocean_menu_link_active_background":"","ocean_menu_social_links_bg":"","ocean_menu_social_hover_links_bg":"","ocean_menu_social_links_color":"","ocean_menu_social_hover_links_color":"","ocean_disable_title":"default","ocean_disable_heading":"default","ocean_post_title":"","ocean_post_subheading":"","ocean_post_title_style":"","ocean_post_title_background_color":"","ocean_post_title_background":0,"ocean_post_title_bg_image_position":"","ocean_post_title_bg_image_attachment":"","ocean_post_title_bg_image_repeat":"","ocean_post_title_bg_image_size":"","ocean_post_title_height":0,"ocean_post_title_bg_overlay":0.5,"ocean_post_title_bg_overlay_color":"","ocean_disable_breadcrumbs":"default","ocean_breadcrumbs_color":"","ocean_breadcrumbs_separator_color":"","ocean_breadcrumbs_links_color":"","ocean_breadcrumbs_links_hover_color":"","ocean_display_footer_widgets":"default","ocean_display_footer_bottom":"default","ocean_custom_footer_template":"0","footnotes":""},"categoria_pagina":[],"class_list":["post-6930","page","type-page","status-publish","hentry","entry"],"yoast_head":"<!-- This site is optimized with the Yoast SEO Premium plugin v20.10 (Yoast SEO v27.4) - https:\/\/yoast.com\/product\/yoast-seo-premium-wordpress\/ -->\n<title>Pol\u00edtica de redes sociales - Hotel Isard<\/title>\n<meta name=\"robots\" content=\"index, follow, max-snippet:-1, max-image-preview:large, max-video-preview:-1\" \/>\n<link rel=\"canonical\" href=\"https:\/\/www.hotelisard.com\/ca\/politica-de-redes-sociales\/\" \/>\n<meta property=\"og:locale\" content=\"ca_ES\" \/>\n<meta property=\"og:type\" content=\"article\" \/>\n<meta property=\"og:title\" content=\"Pol\u00edtica de redes sociales\" \/>\n<meta property=\"og:description\" content=\"En cumplimiento de la Ley 29\/2021, de 28 de octubre, calificada de protecci\u00f3n de datos personales y la Ley 34\/2002, de 11 de julio, de Servicios de la Sociedad de la Informaci\u00f3n y de Comercio Electr\u00f3nico (LSSI-CE), HOTEL DE L\u2019ISARD, S.L., en adelante (HOTEL DE L\u2019ISARD), informa a los usuarios, que ha procedido a crear [&hellip;]\" \/>\n<meta property=\"og:url\" content=\"https:\/\/www.hotelisard.com\/ca\/politica-de-redes-sociales\/\" \/>\n<meta property=\"og:site_name\" content=\"Hotel Isard\" \/>\n<meta property=\"article:modified_time\" content=\"2023-09-18T13:50:50+00:00\" \/>\n<meta name=\"twitter:card\" content=\"summary_large_image\" \/>\n<meta name=\"twitter:label1\" content=\"Temps estimat de lectura\" \/>\n\t<meta name=\"twitter:data1\" content=\"4 minuts\" \/>\n<script type=\"application\/ld+json\" class=\"yoast-schema-graph\">{\"@context\":\"https:\\\/\\\/schema.org\",\"@graph\":[{\"@type\":\"WebPage\",\"@id\":\"https:\\\/\\\/www.hotelisard.com\\\/ca\\\/politica-de-redes-sociales\\\/\",\"url\":\"https:\\\/\\\/www.hotelisard.com\\\/ca\\\/politica-de-redes-sociales\\\/\",\"name\":\"Pol\u00edtica de redes sociales - Hotel Isard\",\"isPartOf\":{\"@id\":\"https:\\\/\\\/www.hotelisard.com\\\/ca\\\/#website\"},\"datePublished\":\"2023-09-18T13:50:48+00:00\",\"dateModified\":\"2023-09-18T13:50:50+00:00\",\"breadcrumb\":{\"@id\":\"https:\\\/\\\/www.hotelisard.com\\\/ca\\\/politica-de-redes-sociales\\\/#breadcrumb\"},\"inLanguage\":\"ca\",\"potentialAction\":[{\"@type\":\"ReadAction\",\"target\":[\"https:\\\/\\\/www.hotelisard.com\\\/ca\\\/politica-de-redes-sociales\\\/\"]}]},{\"@type\":\"BreadcrumbList\",\"@id\":\"https:\\\/\\\/www.hotelisard.com\\\/ca\\\/politica-de-redes-sociales\\\/#breadcrumb\",\"itemListElement\":[{\"@type\":\"ListItem\",\"position\":1,\"name\":\"Home\",\"item\":\"https:\\\/\\\/www.hotelisard.com\\\/ca\\\/\"},{\"@type\":\"ListItem\",\"position\":2,\"name\":\"Pol\u00edtica de redes sociales\"}]},{\"@type\":\"WebSite\",\"@id\":\"https:\\\/\\\/www.hotelisard.com\\\/ca\\\/#website\",\"url\":\"https:\\\/\\\/www.hotelisard.com\\\/ca\\\/\",\"name\":\"Hotel Isard\",\"description\":\"Hotel Isard\",\"publisher\":{\"@id\":\"https:\\\/\\\/www.hotelisard.com\\\/ca\\\/#organization\"},\"potentialAction\":[{\"@type\":\"SearchAction\",\"target\":{\"@type\":\"EntryPoint\",\"urlTemplate\":\"https:\\\/\\\/www.hotelisard.com\\\/ca\\\/?s={search_term_string}\"},\"query-input\":{\"@type\":\"PropertyValueSpecification\",\"valueRequired\":true,\"valueName\":\"search_term_string\"}}],\"inLanguage\":\"ca\"},{\"@type\":\"Organization\",\"@id\":\"https:\\\/\\\/www.hotelisard.com\\\/ca\\\/#organization\",\"name\":\"Hotel Isard\",\"url\":\"https:\\\/\\\/www.hotelisard.com\\\/ca\\\/\",\"logo\":{\"@type\":\"ImageObject\",\"inLanguage\":\"ca\",\"@id\":\"https:\\\/\\\/www.hotelisard.com\\\/ca\\\/#\\\/schema\\\/logo\\\/image\\\/\",\"url\":\"https:\\\/\\\/www.hotelisard.com\\\/wp-content\\\/uploads\\\/2023\\\/03\\\/LOGO-ISARD@2x.png\",\"contentUrl\":\"https:\\\/\\\/www.hotelisard.com\\\/wp-content\\\/uploads\\\/2023\\\/03\\\/LOGO-ISARD@2x.png\",\"width\":309,\"height\":118,\"caption\":\"Hotel Isard\"},\"image\":{\"@id\":\"https:\\\/\\\/www.hotelisard.com\\\/ca\\\/#\\\/schema\\\/logo\\\/image\\\/\"}}]}<\/script>\n<!-- \/ Yoast SEO Premium plugin. -->","yoast_head_json":{"title":"Pol\u00edtica de redes sociales - Hotel Isard","robots":{"index":"index","follow":"follow","max-snippet":"max-snippet:-1","max-image-preview":"max-image-preview:large","max-video-preview":"max-video-preview:-1"},"canonical":"https:\/\/www.hotelisard.com\/ca\/politica-de-redes-sociales\/","og_locale":"ca_ES","og_type":"article","og_title":"Pol\u00edtica de redes sociales","og_description":"En cumplimiento de la Ley 29\/2021, de 28 de octubre, calificada de protecci\u00f3n de datos personales y la Ley 34\/2002, de 11 de julio, de Servicios de la Sociedad de la Informaci\u00f3n y de Comercio Electr\u00f3nico (LSSI-CE), HOTEL DE L\u2019ISARD, S.L., en adelante (HOTEL DE L\u2019ISARD), informa a los usuarios, que ha procedido a crear [&hellip;]","og_url":"https:\/\/www.hotelisard.com\/ca\/politica-de-redes-sociales\/","og_site_name":"Hotel Isard","article_modified_time":"2023-09-18T13:50:50+00:00","twitter_card":"summary_large_image","twitter_misc":{"Temps estimat de lectura":"4 minuts"},"schema":{"@context":"https:\/\/schema.org","@graph":[{"@type":"WebPage","@id":"https:\/\/www.hotelisard.com\/ca\/politica-de-redes-sociales\/","url":"https:\/\/www.hotelisard.com\/ca\/politica-de-redes-sociales\/","name":"Pol\u00edtica de redes sociales - Hotel Isard","isPartOf":{"@id":"https:\/\/www.hotelisard.com\/ca\/#website"},"datePublished":"2023-09-18T13:50:48+00:00","dateModified":"2023-09-18T13:50:50+00:00","breadcrumb":{"@id":"https:\/\/www.hotelisard.com\/ca\/politica-de-redes-sociales\/#breadcrumb"},"inLanguage":"ca","potentialAction":[{"@type":"ReadAction","target":["https:\/\/www.hotelisard.com\/ca\/politica-de-redes-sociales\/"]}]},{"@type":"BreadcrumbList","@id":"https:\/\/www.hotelisard.com\/ca\/politica-de-redes-sociales\/#breadcrumb","itemListElement":[{"@type":"ListItem","position":1,"name":"Home","item":"https:\/\/www.hotelisard.com\/ca\/"},{"@type":"ListItem","position":2,"name":"Pol\u00edtica de redes sociales"}]},{"@type":"WebSite","@id":"https:\/\/www.hotelisard.com\/ca\/#website","url":"https:\/\/www.hotelisard.com\/ca\/","name":"Hotel Isard","description":"Hotel Isard","publisher":{"@id":"https:\/\/www.hotelisard.com\/ca\/#organization"},"potentialAction":[{"@type":"SearchAction","target":{"@type":"EntryPoint","urlTemplate":"https:\/\/www.hotelisard.com\/ca\/?s={search_term_string}"},"query-input":{"@type":"PropertyValueSpecification","valueRequired":true,"valueName":"search_term_string"}}],"inLanguage":"ca"},{"@type":"Organization","@id":"https:\/\/www.hotelisard.com\/ca\/#organization","name":"Hotel Isard","url":"https:\/\/www.hotelisard.com\/ca\/","logo":{"@type":"ImageObject","inLanguage":"ca","@id":"https:\/\/www.hotelisard.com\/ca\/#\/schema\/logo\/image\/","url":"https:\/\/www.hotelisard.com\/wp-content\/uploads\/2023\/03\/LOGO-ISARD@2x.png","contentUrl":"https:\/\/www.hotelisard.com\/wp-content\/uploads\/2023\/03\/LOGO-ISARD@2x.png","width":309,"height":118,"caption":"Hotel Isard"},"image":{"@id":"https:\/\/www.hotelisard.com\/ca\/#\/schema\/logo\/image\/"}}]}},"_links":{"self":[{"href":"https:\/\/www.hotelisard.com\/ca\/wp-json\/wp\/v2\/pages\/6930","targetHints":{"allow":["GET"]}}],"collection":[{"href":"https:\/\/www.hotelisard.com\/ca\/wp-json\/wp\/v2\/pages"}],"about":[{"href":"https:\/\/www.hotelisard.com\/ca\/wp-json\/wp\/v2\/types\/page"}],"author":[{"embeddable":true,"href":"https:\/\/www.hotelisard.com\/ca\/wp-json\/wp\/v2\/users\/4"}],"replies":[{"embeddable":true,"href":"https:\/\/www.hotelisard.com\/ca\/wp-json\/wp\/v2\/comments?post=6930"}],"version-history":[{"count":0,"href":"https:\/\/www.hotelisard.com\/ca\/wp-json\/wp\/v2\/pages\/6930\/revisions"}],"wp:attachment":[{"href":"https:\/\/www.hotelisard.com\/ca\/wp-json\/wp\/v2\/media?parent=6930"}],"wp:term":[{"taxonomy":"categoria_pagina","embeddable":true,"href":"https:\/\/www.hotelisard.com\/ca\/wp-json\/wp\/v2\/categoria_pagina?post=6930"}],"curies":[{"name":"wp","href":"https:\/\/api.w.org\/{rel}","templated":true}]}}