{"id":4853,"date":"2023-04-28T09:23:20","date_gmt":"2023-04-28T07:23:20","guid":{"rendered":"https:\/\/hotelisard.seoagil.com\/regala-isard\/"},"modified":"2023-07-24T11:55:59","modified_gmt":"2023-07-24T09:55:59","slug":"offrez-isard","status":"publish","type":"page","link":"https:\/\/www.hotelisard.com\/fr\/offrez-isard\/","title":{"rendered":"OFFREZ ISARD"},"content":{"rendered":"\t\t<div data-elementor-type=\"wp-post\" data-elementor-id=\"4853\" class=\"elementor elementor-4853 elementor-3844\" data-elementor-post-type=\"page\">\n\t\t\t\t\t\t<section class=\"elementor-section elementor-top-section elementor-element elementor-element-6fffb2f elementor-reverse-mobile elementor-section-boxed elementor-section-height-default elementor-section-height-default\" data-id=\"6fffb2f\" data-element_type=\"section\" data-e-type=\"section\" data-settings=\"{&quot;motion_fx_motion_fx_scrolling&quot;:&quot;yes&quot;,&quot;motion_fx_translateY_effect&quot;:&quot;yes&quot;,&quot;motion_fx_translateY_speed&quot;:{&quot;unit&quot;:&quot;px&quot;,&quot;size&quot;:0.6,&quot;sizes&quot;:[]},&quot;motion_fx_translateY_affectedRange&quot;:{&quot;unit&quot;:&quot;%&quot;,&quot;size&quot;:&quot;&quot;,&quot;sizes&quot;:{&quot;start&quot;:0,&quot;end&quot;:100}},&quot;motion_fx_devices&quot;:[&quot;desktop&quot;,&quot;tablet&quot;,&quot;mobile&quot;]}\">\n\t\t\t\t\t\t<div class=\"elementor-container elementor-column-gap-default\">\n\t\t\t\t\t<div class=\"elementor-column elementor-col-50 elementor-top-column elementor-element elementor-element-d340ce4\" data-id=\"d340ce4\" data-element_type=\"column\" data-e-type=\"column\">\n\t\t\t<div class=\"elementor-widget-wrap elementor-element-populated\">\n\t\t\t\t\t\t<div class=\"elementor-element elementor-element-c123b8f elementor-hidden-mobile elementor-widget elementor-widget-heading\" data-id=\"c123b8f\" data-element_type=\"widget\" data-e-type=\"widget\" data-widget_type=\"heading.default\">\n\t\t\t\t<div class=\"elementor-widget-container\">\n\t\t\t\t\t<h2 class=\"elementor-heading-title elementor-size-default\">OFFREZ <br>ISARD<\/h2>\t\t\t\t<\/div>\n\t\t\t\t<\/div>\n\t\t\t\t<div class=\"elementor-element elementor-element-0133242 elementor-widget elementor-widget-text-editor\" data-id=\"0133242\" data-element_type=\"widget\" data-e-type=\"widget\" data-widget_type=\"text-editor.default\">\n\t\t\t\t<div class=\"elementor-widget-container\">\n\t\t\t\t\t\t\t\t\t<p>Offrez ce que vous pr\u00e9f\u00e9rez de l\u2019h\u00f4tel et du Restaurant de l\u2019Isard. Avec notre carte-cadeau, vous pouvez offrir \u00e0 un \u00eatre cher une pause bien m\u00e9rit\u00e9e ou une exp\u00e9rience gastronomique dans le centre d&rsquo;Andorre.<\/p>\t\t\t\t\t\t\t\t<\/div>\n\t\t\t\t<\/div>\n\t\t\t\t\t<\/div>\n\t\t<\/div>\n\t\t\t\t<div class=\"elementor-column elementor-col-50 elementor-top-column elementor-element elementor-element-1e39173\" data-id=\"1e39173\" data-element_type=\"column\" data-e-type=\"column\">\n\t\t\t<div class=\"elementor-widget-wrap elementor-element-populated\">\n\t\t\t\t\t\t<div class=\"elementor-element elementor-element-f52986d elementor-hidden-desktop elementor-hidden-tablet elementor-widget elementor-widget-heading\" data-id=\"f52986d\" data-element_type=\"widget\" data-e-type=\"widget\" data-widget_type=\"heading.default\">\n\t\t\t\t<div class=\"elementor-widget-container\">\n\t\t\t\t\t<h2 class=\"elementor-heading-title elementor-size-default\">OFFREZ <br>ISARD<\/h2>\t\t\t\t<\/div>\n\t\t\t\t<\/div>\n\t\t\t\t<div class=\"elementor-element elementor-element-a1eb6e9 elementor-widget elementor-widget-image\" data-id=\"a1eb6e9\" data-element_type=\"widget\" data-e-type=\"widget\" data-widget_type=\"image.default\">\n\t\t\t\t<div class=\"elementor-widget-container\">\n\t\t\t\t\t\t\t\t\t\t\t\t\t\t\t<img fetchpriority=\"high\" decoding=\"async\" width=\"840\" height=\"864\" src=\"https:\/\/www.hotelisard.com\/wp-content\/uploads\/2023\/03\/superkitina-GIImjW5MzAA-unsplash@2x.png\" class=\"attachment-full size-full wp-image-1680\" alt=\"\" srcset=\"https:\/\/www.hotelisard.com\/wp-content\/uploads\/2023\/03\/superkitina-GIImjW5MzAA-unsplash@2x.png 840w, https:\/\/www.hotelisard.com\/wp-content\/uploads\/2023\/03\/superkitina-GIImjW5MzAA-unsplash@2x-292x300.png 292w, https:\/\/www.hotelisard.com\/wp-content\/uploads\/2023\/03\/superkitina-GIImjW5MzAA-unsplash@2x-768x790.png 768w\" sizes=\"(max-width: 840px) 100vw, 840px\" \/>\t\t\t\t\t\t\t\t\t\t\t\t\t\t\t<\/div>\n\t\t\t\t<\/div>\n\t\t\t\t<div class=\"elementor-element elementor-element-bcb395d elementor-widget elementor-widget-image\" data-id=\"bcb395d\" data-element_type=\"widget\" data-e-type=\"widget\" data-widget_type=\"image.default\">\n\t\t\t\t<div class=\"elementor-widget-container\">\n\t\t\t\t\t\t\t\t\t\t\t\t\t\t\t<img decoding=\"async\" width=\"774\" height=\"774\" src=\"https:\/\/www.hotelisard.com\/wp-content\/uploads\/2023\/03\/Grupo-162@2x.png\" class=\"attachment-full size-full wp-image-1635\" alt=\"\" srcset=\"https:\/\/www.hotelisard.com\/wp-content\/uploads\/2023\/03\/Grupo-162@2x.png 774w, https:\/\/www.hotelisard.com\/wp-content\/uploads\/2023\/03\/Grupo-162@2x-300x300.png 300w, https:\/\/www.hotelisard.com\/wp-content\/uploads\/2023\/03\/Grupo-162@2x-150x150.png 150w, https:\/\/www.hotelisard.com\/wp-content\/uploads\/2023\/03\/Grupo-162@2x-768x768.png 768w, https:\/\/www.hotelisard.com\/wp-content\/uploads\/2023\/03\/Grupo-162@2x-600x600.png 600w\" sizes=\"(max-width: 774px) 100vw, 774px\" \/>\t\t\t\t\t\t\t\t\t\t\t\t\t\t\t<\/div>\n\t\t\t\t<\/div>\n\t\t\t\t\t<\/div>\n\t\t<\/div>\n\t\t\t\t\t<\/div>\n\t\t<\/section>\n\t\t\t\t<section class=\"elementor-section elementor-top-section elementor-element elementor-element-298d7db formulario elementor-section-boxed elementor-section-height-default elementor-section-height-default\" data-id=\"298d7db\" data-element_type=\"section\" data-e-type=\"section\" data-settings=\"{&quot;background_background&quot;:&quot;classic&quot;}\">\n\t\t\t\t\t\t<div class=\"elementor-container elementor-column-gap-default\">\n\t\t\t\t\t<div class=\"elementor-column elementor-col-100 elementor-top-column elementor-element elementor-element-95de5ac\" data-id=\"95de5ac\" data-element_type=\"column\" data-e-type=\"column\">\n\t\t\t<div class=\"elementor-widget-wrap elementor-element-populated\">\n\t\t\t\t\t\t<div class=\"elementor-element elementor-element-9261e5b elementor-widget elementor-widget-text-editor\" data-id=\"9261e5b\" data-element_type=\"widget\" data-e-type=\"widget\" data-widget_type=\"text-editor.default\">\n\t\t\t\t<div class=\"elementor-widget-container\">\n\t\t\t\t\t\t\t\t\t<p>Pour acheter ou d\u00e9couvrir notre carte cadeau, \u00e9crivez-nous un email et nous vous contacterons dans les plus brefs d\u00e9lais.<\/p>\t\t\t\t\t\t\t\t<\/div>\n\t\t\t\t<\/div>\n\t\t\t\t<div class=\"elementor-element elementor-element-67b1969 elementor-widget__width-inherit boto-reserva-header regala elementor-align-center elementor-widget elementor-widget-button\" data-id=\"67b1969\" data-element_type=\"widget\" data-e-type=\"widget\" data-widget_type=\"button.default\">\n\t\t\t\t<div class=\"elementor-widget-container\">\n\t\t\t\t\t\t\t\t\t<div class=\"elementor-button-wrapper\">\n\t\t\t\t\t<a class=\"elementor-button elementor-button-link elementor-size-sm\" href=\"mailto:RESERVES@HOTELISARD.COM\">\n\t\t\t\t\t\t<span class=\"elementor-button-content-wrapper\">\n\t\t\t\t\t\t\t\t\t<span class=\"elementor-button-text\">Je veux envoyer un e-mail<\/span>\n\t\t\t\t\t<\/span>\n\t\t\t\t\t<\/a>\n\t\t\t\t<\/div>\n\t\t\t\t\t\t\t\t<\/div>\n\t\t\t\t<\/div>\n\t\t\t\t\t<\/div>\n\t\t<\/div>\n\t\t\t\t\t<\/div>\n\t\t<\/section>\n\t\t\t\t<\/div>\n\t\t","protected":false},"excerpt":{"rendered":"<p>OFFREZ ISARD Offrez ce que vous pr\u00e9f\u00e9rez de l\u2019h\u00f4tel et du Restaurant de l\u2019Isard. Avec notre carte-cadeau, vous pouvez offrir \u00e0 un \u00eatre cher une pause bien m\u00e9rit\u00e9e ou une exp\u00e9rience gastronomique dans le centre d&rsquo;Andorre. OFFREZ ISARD Pour acheter ou d\u00e9couvrir notre carte cadeau, \u00e9crivez-nous un email et nous vous contacterons dans les plus [&hellip;]<\/p>\n","protected":false},"author":4,"featured_media":0,"parent":0,"menu_order":0,"comment_status":"closed","ping_status":"closed","template":"","meta":{"ocean_post_layout":"","ocean_both_sidebars_style":"","ocean_both_sidebars_content_width":0,"ocean_both_sidebars_sidebars_width":0,"ocean_sidebar":"0","ocean_second_sidebar":"0","ocean_disable_margins":"on","ocean_add_body_class":"regala-isard-pagina","ocean_shortcode_before_top_bar":"","ocean_shortcode_after_top_bar":"","ocean_shortcode_before_header":"","ocean_shortcode_after_header":"","ocean_has_shortcode":"","ocean_shortcode_after_title":"","ocean_shortcode_before_footer_widgets":"","ocean_shortcode_after_footer_widgets":"","ocean_shortcode_before_footer_bottom":"","ocean_shortcode_after_footer_bottom":"","ocean_display_top_bar":"default","ocean_display_header":"default","ocean_header_style":"","ocean_center_header_left_menu":"0","ocean_custom_header_template":"0","ocean_custom_logo":0,"ocean_custom_retina_logo":0,"ocean_custom_logo_max_width":0,"ocean_custom_logo_tablet_max_width":0,"ocean_custom_logo_mobile_max_width":0,"ocean_custom_logo_max_height":0,"ocean_custom_logo_tablet_max_height":0,"ocean_custom_logo_mobile_max_height":0,"ocean_header_custom_menu":"0","ocean_menu_typo_font_family":"0","ocean_menu_typo_font_subset":"","ocean_menu_typo_font_size":0,"ocean_menu_typo_font_size_tablet":0,"ocean_menu_typo_font_size_mobile":0,"ocean_menu_typo_font_size_unit":"px","ocean_menu_typo_font_weight":"","ocean_menu_typo_font_weight_tablet":"","ocean_menu_typo_font_weight_mobile":"","ocean_menu_typo_transform":"","ocean_menu_typo_transform_tablet":"","ocean_menu_typo_transform_mobile":"","ocean_menu_typo_line_height":0,"ocean_menu_typo_line_height_tablet":0,"ocean_menu_typo_line_height_mobile":0,"ocean_menu_typo_line_height_unit":"","ocean_menu_typo_spacing":0,"ocean_menu_typo_spacing_tablet":0,"ocean_menu_typo_spacing_mobile":0,"ocean_menu_typo_spacing_unit":"","ocean_menu_link_color":"","ocean_menu_link_color_hover":"","ocean_menu_link_color_active":"","ocean_menu_link_background":"","ocean_menu_link_hover_background":"","ocean_menu_link_active_background":"","ocean_menu_social_links_bg":"","ocean_menu_social_hover_links_bg":"","ocean_menu_social_links_color":"","ocean_menu_social_hover_links_color":"","ocean_disable_title":"on","ocean_disable_heading":"default","ocean_post_title":"","ocean_post_subheading":"","ocean_post_title_style":"","ocean_post_title_background_color":"","ocean_post_title_background":0,"ocean_post_title_bg_image_position":"","ocean_post_title_bg_image_attachment":"","ocean_post_title_bg_image_repeat":"","ocean_post_title_bg_image_size":"","ocean_post_title_height":0,"ocean_post_title_bg_overlay":0.5,"ocean_post_title_bg_overlay_color":"","ocean_disable_breadcrumbs":"default","ocean_breadcrumbs_color":"","ocean_breadcrumbs_separator_color":"","ocean_breadcrumbs_links_color":"","ocean_breadcrumbs_links_hover_color":"","ocean_display_footer_widgets":"default","ocean_display_footer_bottom":"default","ocean_custom_footer_template":"0","footnotes":""},"categoria_pagina":[],"class_list":["post-4853","page","type-page","status-publish","hentry","entry"],"yoast_head":"<!-- This site is optimized with the Yoast SEO Premium plugin v20.10 (Yoast SEO v27.5) - https:\/\/yoast.com\/product\/yoast-seo-premium-wordpress\/ -->\n<title>Offrir des exp\u00e9riences | H\u00f4tel de l&#039;Isard<\/title>\n<meta name=\"description\" content=\"Vous souhaitez faire un cadeau ? Offrez l&#039;H\u00f4tel de l&#039;Isard en cadeau. Id\u00e9al pour une exp\u00e9rience en couple ou un don \u00e0 un ami ou \u00e0 un membre de la famille.\" \/>\n<meta name=\"robots\" content=\"index, follow, max-snippet:-1, max-image-preview:large, max-video-preview:-1\" \/>\n<link rel=\"canonical\" href=\"https:\/\/www.hotelisard.com\/fr\/offrez-isard\/\" \/>\n<meta property=\"og:locale\" content=\"fr_FR\" \/>\n<meta property=\"og:type\" content=\"article\" \/>\n<meta property=\"og:title\" content=\"OFFREZ ISARD\" \/>\n<meta property=\"og:description\" content=\"Vous souhaitez faire un cadeau ? Offrez l&#039;H\u00f4tel de l&#039;Isard en cadeau. Id\u00e9al pour une exp\u00e9rience en couple ou un don \u00e0 un ami ou \u00e0 un membre de la famille.\" \/>\n<meta property=\"og:url\" content=\"https:\/\/www.hotelisard.com\/fr\/offrez-isard\/\" \/>\n<meta property=\"og:site_name\" content=\"Hotel Isard\" \/>\n<meta property=\"article:modified_time\" content=\"2023-07-24T09:55:59+00:00\" \/>\n<meta property=\"og:image\" content=\"http:\/\/hotelisard.seoagil.com\/wp-content\/uploads\/2023\/03\/superkitina-GIImjW5MzAA-unsplash@2x.png\" \/>\n<meta name=\"twitter:card\" content=\"summary_large_image\" \/>\n<meta name=\"twitter:label1\" content=\"Dur\u00e9e de lecture estim\u00e9e\" \/>\n\t<meta name=\"twitter:data1\" content=\"1 minute\" \/>\n<script type=\"application\/ld+json\" class=\"yoast-schema-graph\">{\"@context\":\"https:\\\/\\\/schema.org\",\"@graph\":[{\"@type\":\"WebPage\",\"@id\":\"https:\\\/\\\/www.hotelisard.com\\\/fr\\\/offrez-isard\\\/\",\"url\":\"https:\\\/\\\/www.hotelisard.com\\\/fr\\\/offrez-isard\\\/\",\"name\":\"Offrir des exp\u00e9riences | H\u00f4tel de l'Isard\",\"isPartOf\":{\"@id\":\"https:\\\/\\\/www.hotelisard.com\\\/fr\\\/#website\"},\"primaryImageOfPage\":{\"@id\":\"https:\\\/\\\/www.hotelisard.com\\\/fr\\\/offrez-isard\\\/#primaryimage\"},\"image\":{\"@id\":\"https:\\\/\\\/www.hotelisard.com\\\/fr\\\/offrez-isard\\\/#primaryimage\"},\"thumbnailUrl\":\"http:\\\/\\\/hotelisard.seoagil.com\\\/wp-content\\\/uploads\\\/2023\\\/03\\\/superkitina-GIImjW5MzAA-unsplash@2x.png\",\"datePublished\":\"2023-04-28T07:23:20+00:00\",\"dateModified\":\"2023-07-24T09:55:59+00:00\",\"description\":\"Vous souhaitez faire un cadeau ? Offrez l'H\u00f4tel de l'Isard en cadeau. Id\u00e9al pour une exp\u00e9rience en couple ou un don \u00e0 un ami ou \u00e0 un membre de la famille.\",\"breadcrumb\":{\"@id\":\"https:\\\/\\\/www.hotelisard.com\\\/fr\\\/offrez-isard\\\/#breadcrumb\"},\"inLanguage\":\"fr-FR\",\"potentialAction\":[{\"@type\":\"ReadAction\",\"target\":[\"https:\\\/\\\/www.hotelisard.com\\\/fr\\\/offrez-isard\\\/\"]}]},{\"@type\":\"ImageObject\",\"inLanguage\":\"fr-FR\",\"@id\":\"https:\\\/\\\/www.hotelisard.com\\\/fr\\\/offrez-isard\\\/#primaryimage\",\"url\":\"http:\\\/\\\/hotelisard.seoagil.com\\\/wp-content\\\/uploads\\\/2023\\\/03\\\/superkitina-GIImjW5MzAA-unsplash@2x.png\",\"contentUrl\":\"http:\\\/\\\/hotelisard.seoagil.com\\\/wp-content\\\/uploads\\\/2023\\\/03\\\/superkitina-GIImjW5MzAA-unsplash@2x.png\"},{\"@type\":\"BreadcrumbList\",\"@id\":\"https:\\\/\\\/www.hotelisard.com\\\/fr\\\/offrez-isard\\\/#breadcrumb\",\"itemListElement\":[{\"@type\":\"ListItem\",\"position\":1,\"name\":\"Home\",\"item\":\"https:\\\/\\\/www.hotelisard.com\\\/fr\\\/\"},{\"@type\":\"ListItem\",\"position\":2,\"name\":\"OFFREZ ISARD\"}]},{\"@type\":\"WebSite\",\"@id\":\"https:\\\/\\\/www.hotelisard.com\\\/fr\\\/#website\",\"url\":\"https:\\\/\\\/www.hotelisard.com\\\/fr\\\/\",\"name\":\"Hotel Isard\",\"description\":\"Hotel Isard\",\"publisher\":{\"@id\":\"https:\\\/\\\/www.hotelisard.com\\\/fr\\\/#organization\"},\"potentialAction\":[{\"@type\":\"SearchAction\",\"target\":{\"@type\":\"EntryPoint\",\"urlTemplate\":\"https:\\\/\\\/www.hotelisard.com\\\/fr\\\/?s={search_term_string}\"},\"query-input\":{\"@type\":\"PropertyValueSpecification\",\"valueRequired\":true,\"valueName\":\"search_term_string\"}}],\"inLanguage\":\"fr-FR\"},{\"@type\":\"Organization\",\"@id\":\"https:\\\/\\\/www.hotelisard.com\\\/fr\\\/#organization\",\"name\":\"Hotel Isard\",\"url\":\"https:\\\/\\\/www.hotelisard.com\\\/fr\\\/\",\"logo\":{\"@type\":\"ImageObject\",\"inLanguage\":\"fr-FR\",\"@id\":\"https:\\\/\\\/www.hotelisard.com\\\/fr\\\/#\\\/schema\\\/logo\\\/image\\\/\",\"url\":\"https:\\\/\\\/www.hotelisard.com\\\/wp-content\\\/uploads\\\/2023\\\/03\\\/LOGO-ISARD@2x.png\",\"contentUrl\":\"https:\\\/\\\/www.hotelisard.com\\\/wp-content\\\/uploads\\\/2023\\\/03\\\/LOGO-ISARD@2x.png\",\"width\":309,\"height\":118,\"caption\":\"Hotel Isard\"},\"image\":{\"@id\":\"https:\\\/\\\/www.hotelisard.com\\\/fr\\\/#\\\/schema\\\/logo\\\/image\\\/\"}}]}<\/script>\n<!-- \/ Yoast SEO Premium plugin. -->","yoast_head_json":{"title":"Offrir des exp\u00e9riences | H\u00f4tel de l'Isard","description":"Vous souhaitez faire un cadeau ? Offrez l'H\u00f4tel de l'Isard en cadeau. Id\u00e9al pour une exp\u00e9rience en couple ou un don \u00e0 un ami ou \u00e0 un membre de la famille.","robots":{"index":"index","follow":"follow","max-snippet":"max-snippet:-1","max-image-preview":"max-image-preview:large","max-video-preview":"max-video-preview:-1"},"canonical":"https:\/\/www.hotelisard.com\/fr\/offrez-isard\/","og_locale":"fr_FR","og_type":"article","og_title":"OFFREZ ISARD","og_description":"Vous souhaitez faire un cadeau ? Offrez l'H\u00f4tel de l'Isard en cadeau. Id\u00e9al pour une exp\u00e9rience en couple ou un don \u00e0 un ami ou \u00e0 un membre de la famille.","og_url":"https:\/\/www.hotelisard.com\/fr\/offrez-isard\/","og_site_name":"Hotel Isard","article_modified_time":"2023-07-24T09:55:59+00:00","og_image":[{"url":"http:\/\/hotelisard.seoagil.com\/wp-content\/uploads\/2023\/03\/superkitina-GIImjW5MzAA-unsplash@2x.png","type":"","width":"","height":""}],"twitter_card":"summary_large_image","twitter_misc":{"Dur\u00e9e de lecture estim\u00e9e":"1 minute"},"schema":{"@context":"https:\/\/schema.org","@graph":[{"@type":"WebPage","@id":"https:\/\/www.hotelisard.com\/fr\/offrez-isard\/","url":"https:\/\/www.hotelisard.com\/fr\/offrez-isard\/","name":"Offrir des exp\u00e9riences | H\u00f4tel de l'Isard","isPartOf":{"@id":"https:\/\/www.hotelisard.com\/fr\/#website"},"primaryImageOfPage":{"@id":"https:\/\/www.hotelisard.com\/fr\/offrez-isard\/#primaryimage"},"image":{"@id":"https:\/\/www.hotelisard.com\/fr\/offrez-isard\/#primaryimage"},"thumbnailUrl":"http:\/\/hotelisard.seoagil.com\/wp-content\/uploads\/2023\/03\/superkitina-GIImjW5MzAA-unsplash@2x.png","datePublished":"2023-04-28T07:23:20+00:00","dateModified":"2023-07-24T09:55:59+00:00","description":"Vous souhaitez faire un cadeau ? Offrez l'H\u00f4tel de l'Isard en cadeau. Id\u00e9al pour une exp\u00e9rience en couple ou un don \u00e0 un ami ou \u00e0 un membre de la famille.","breadcrumb":{"@id":"https:\/\/www.hotelisard.com\/fr\/offrez-isard\/#breadcrumb"},"inLanguage":"fr-FR","potentialAction":[{"@type":"ReadAction","target":["https:\/\/www.hotelisard.com\/fr\/offrez-isard\/"]}]},{"@type":"ImageObject","inLanguage":"fr-FR","@id":"https:\/\/www.hotelisard.com\/fr\/offrez-isard\/#primaryimage","url":"http:\/\/hotelisard.seoagil.com\/wp-content\/uploads\/2023\/03\/superkitina-GIImjW5MzAA-unsplash@2x.png","contentUrl":"http:\/\/hotelisard.seoagil.com\/wp-content\/uploads\/2023\/03\/superkitina-GIImjW5MzAA-unsplash@2x.png"},{"@type":"BreadcrumbList","@id":"https:\/\/www.hotelisard.com\/fr\/offrez-isard\/#breadcrumb","itemListElement":[{"@type":"ListItem","position":1,"name":"Home","item":"https:\/\/www.hotelisard.com\/fr\/"},{"@type":"ListItem","position":2,"name":"OFFREZ ISARD"}]},{"@type":"WebSite","@id":"https:\/\/www.hotelisard.com\/fr\/#website","url":"https:\/\/www.hotelisard.com\/fr\/","name":"Hotel Isard","description":"Hotel Isard","publisher":{"@id":"https:\/\/www.hotelisard.com\/fr\/#organization"},"potentialAction":[{"@type":"SearchAction","target":{"@type":"EntryPoint","urlTemplate":"https:\/\/www.hotelisard.com\/fr\/?s={search_term_string}"},"query-input":{"@type":"PropertyValueSpecification","valueRequired":true,"valueName":"search_term_string"}}],"inLanguage":"fr-FR"},{"@type":"Organization","@id":"https:\/\/www.hotelisard.com\/fr\/#organization","name":"Hotel Isard","url":"https:\/\/www.hotelisard.com\/fr\/","logo":{"@type":"ImageObject","inLanguage":"fr-FR","@id":"https:\/\/www.hotelisard.com\/fr\/#\/schema\/logo\/image\/","url":"https:\/\/www.hotelisard.com\/wp-content\/uploads\/2023\/03\/LOGO-ISARD@2x.png","contentUrl":"https:\/\/www.hotelisard.com\/wp-content\/uploads\/2023\/03\/LOGO-ISARD@2x.png","width":309,"height":118,"caption":"Hotel Isard"},"image":{"@id":"https:\/\/www.hotelisard.com\/fr\/#\/schema\/logo\/image\/"}}]}},"_links":{"self":[{"href":"https:\/\/www.hotelisard.com\/fr\/wp-json\/wp\/v2\/pages\/4853","targetHints":{"allow":["GET"]}}],"collection":[{"href":"https:\/\/www.hotelisard.com\/fr\/wp-json\/wp\/v2\/pages"}],"about":[{"href":"https:\/\/www.hotelisard.com\/fr\/wp-json\/wp\/v2\/types\/page"}],"author":[{"embeddable":true,"href":"https:\/\/www.hotelisard.com\/fr\/wp-json\/wp\/v2\/users\/4"}],"replies":[{"embeddable":true,"href":"https:\/\/www.hotelisard.com\/fr\/wp-json\/wp\/v2\/comments?post=4853"}],"version-history":[{"count":0,"href":"https:\/\/www.hotelisard.com\/fr\/wp-json\/wp\/v2\/pages\/4853\/revisions"}],"wp:attachment":[{"href":"https:\/\/www.hotelisard.com\/fr\/wp-json\/wp\/v2\/media?parent=4853"}],"wp:term":[{"taxonomy":"categoria_pagina","embeddable":true,"href":"https:\/\/www.hotelisard.com\/fr\/wp-json\/wp\/v2\/categoria_pagina?post=4853"}],"curies":[{"name":"wp","href":"https:\/\/api.w.org\/{rel}","templated":true}]}}